{"id":352,"date":"2025-03-03T11:18:11","date_gmt":"2025-03-03T11:18:11","guid":{"rendered":"https:\/\/alliancels-netter.com\/empresa\/"},"modified":"2025-03-23T12:14:51","modified_gmt":"2025-03-23T12:14:51","slug":"empresa","status":"publish","type":"page","link":"https:\/\/alliancels-netter.com\/ca\/empresa\/","title":{"rendered":"Empresa"},"content":{"rendered":"<p><div class=\"fusion-fullwidth fullwidth-box fusion-builder-row-1 fusion-flex-container has-pattern-background has-mask-background fusion-parallax-none hundred-percent-fullwidth non-hundred-percent-height-scrolling lazyload\" style=\"--awb-border-radius-top-left:0px;--awb-border-radius-top-right:0px;--awb-border-radius-bottom-right:0px;--awb-border-radius-bottom-left:0px;--awb-padding-top:15%;--awb-padding-bottom:5%;--awb-background-image:linear-gradient(180deg, rgba(0,0,0,0.5) 0%,rgba(0,0,0,0.5) 100%);;--awb-background-size:cover;--awb-flex-wrap:wrap;\" data-bg=\"https:\/\/alliancels-netter.com\/wp-content\/uploads\/2025\/03\/netter-catcen-empresa-0.jpeg\" data-bg-gradient=\"linear-gradient(180deg, rgba(0,0,0,0.5) 0%,rgba(0,0,0,0.5) 100%)\" ><div class=\"fusion-builder-row fusion-row fusion-flex-align-items-flex-start fusion-flex-content-wrap\" style=\"width:104% !important;max-width:104% !important;margin-left: calc(-4% \/ 2 );margin-right: calc(-4% \/ 2 );\"><div class=\"fusion-layout-column fusion_builder_column fusion-builder-column-0 fusion_builder_column_1_1 1_1 fusion-flex-column\" style=\"--awb-bg-size:cover;--awb-width-large:100%;--awb-margin-top-large:0px;--awb-spacing-right-large:1.92%;--awb-margin-bottom-large:20px;--awb-spacing-left-large:1.92%;--awb-width-medium:100%;--awb-order-medium:0;--awb-spacing-right-medium:1.92%;--awb-spacing-left-medium:1.92%;--awb-width-small:100%;--awb-order-small:0;--awb-spacing-right-small:1.92%;--awb-spacing-left-small:1.92%;\"><div class=\"fusion-column-wrapper fusion-column-has-shadow fusion-flex-justify-content-flex-start fusion-content-layout-column\"><div class=\"fusion-title title fusion-title-1 fusion-sep-none fusion-title-text fusion-title-size-one\" style=\"--awb-text-color:var(--awb-color1);\"><h1 class=\"fusion-title-heading title-heading-left\" style=\"margin:0;\">Empresa<\/h1><\/div><\/div><\/div><\/div><\/div><div class=\"fusion-fullwidth fullwidth-box fusion-builder-row-2 fusion-flex-container has-pattern-background has-mask-background nonhundred-percent-fullwidth non-hundred-percent-height-scrolling\" style=\"--awb-border-radius-top-left:0px;--awb-border-radius-top-right:0px;--awb-border-radius-bottom-right:0px;--awb-border-radius-bottom-left:0px;--awb-padding-top:2%;--awb-padding-bottom:2%;--awb-background-color:var(--awb-color3);--awb-flex-wrap:wrap;\" ><div class=\"fusion-builder-row fusion-row fusion-flex-align-items-flex-start fusion-flex-content-wrap\" style=\"max-width:1248px;margin-left: calc(-4% \/ 2 );margin-right: calc(-4% \/ 2 );\"><div class=\"fusion-layout-column fusion_builder_column fusion-builder-column-1 fusion_builder_column_1_1 1_1 fusion-flex-column\" style=\"--awb-bg-size:cover;--awb-width-large:100%;--awb-margin-top-large:0px;--awb-spacing-right-large:1.92%;--awb-margin-bottom-large:20px;--awb-spacing-left-large:1.92%;--awb-width-medium:100%;--awb-order-medium:0;--awb-spacing-right-medium:1.92%;--awb-spacing-left-medium:1.92%;--awb-width-small:100%;--awb-order-small:0;--awb-spacing-right-small:1.92%;--awb-spacing-left-small:1.92%;\"><div class=\"fusion-column-wrapper fusion-column-has-shadow fusion-flex-justify-content-flex-start fusion-content-layout-column\"><div class=\"fusion-title title fusion-title-2 fusion-sep-none fusion-title-center fusion-title-text fusion-title-size-three\" style=\"--awb-text-color:var(--awb-color4);\"><h3 class=\"fusion-title-heading title-heading-center\" style=\"margin:0;\">Netter: m\u00e9s de 10 anys oferint solucions de neteja de qualitat i sostenibles al sector de la bugaderia industrial<\/h3><\/div><\/div><\/div><\/div><\/div><div class=\"fusion-fullwidth fullwidth-box fusion-builder-row-3 fusion-flex-container has-pattern-background has-mask-background hundred-percent-fullwidth non-hundred-percent-height-scrolling\" style=\"--awb-border-radius-top-left:0px;--awb-border-radius-top-right:0px;--awb-border-radius-bottom-right:0px;--awb-border-radius-bottom-left:0px;--awb-padding-top:3%;--awb-padding-bottom:3%;--awb-flex-wrap:wrap;\" ><div class=\"fusion-builder-row fusion-row fusion-flex-align-items-center fusion-flex-content-wrap\" style=\"width:104% !important;max-width:104% !important;margin-left: calc(-4% \/ 2 );margin-right: calc(-4% \/ 2 );\"><div class=\"fusion-layout-column fusion_builder_column fusion-builder-column-2 fusion_builder_column_1_2 1_2 fusion-flex-column\" style=\"--awb-bg-size:cover;--awb-width-large:50%;--awb-margin-top-large:0px;--awb-spacing-right-large:3.84%;--awb-margin-bottom-large:20px;--awb-spacing-left-large:3.84%;--awb-width-medium:50%;--awb-order-medium:0;--awb-spacing-right-medium:3.84%;--awb-spacing-left-medium:3.84%;--awb-width-small:100%;--awb-order-small:0;--awb-spacing-right-small:1.92%;--awb-spacing-left-small:1.92%;\"><div class=\"fusion-column-wrapper fusion-column-has-shadow fusion-flex-justify-content-flex-start fusion-content-layout-column\"><div class=\"fusion-image-element \" style=\"--awb-caption-title-font-family:var(--h2_typography-font-family);--awb-caption-title-font-weight:var(--h2_typography-font-weight);--awb-caption-title-font-style:var(--h2_typography-font-style);--awb-caption-title-size:var(--h2_typography-font-size);--awb-caption-title-transform:var(--h2_typography-text-transform);--awb-caption-title-line-height:var(--h2_typography-line-height);--awb-caption-title-letter-spacing:var(--h2_typography-letter-spacing);\"><span class=\" fusion-imageframe imageframe-none imageframe-1 hover-type-none\"><img decoding=\"async\" width=\"1500\" height=\"1000\" alt=\"maquinaria de lavander\u00eda industrial IPSO UNIMAC Netter\" title=\"netter-inicio-3\" src=\"https:\/\/alliancels-netter.com\/wp-content\/uploads\/2025\/03\/netter-inicio-3.jpg\" data-orig-src=\"https:\/\/alliancels-netter.com\/wp-content\/uploads\/2025\/03\/netter-inicio-3.jpg\" class=\"lazyload img-responsive wp-image-343\" srcset=\"data:image\/svg+xml,%3Csvg%20xmlns%3D%27http%3A%2F%2Fwww.w3.org%2F2000%2Fsvg%27%20width%3D%271500%27%20height%3D%271000%27%20viewBox%3D%270%200%201500%201000%27%3E%3Crect%20width%3D%271500%27%20height%3D%271000%27%20fill-opacity%3D%220%22%2F%3E%3C%2Fsvg%3E\" data-srcset=\"https:\/\/alliancels-netter.com\/wp-content\/uploads\/2025\/03\/netter-inicio-3-200x133.jpg 200w, https:\/\/alliancels-netter.com\/wp-content\/uploads\/2025\/03\/netter-inicio-3-400x267.jpg 400w, https:\/\/alliancels-netter.com\/wp-content\/uploads\/2025\/03\/netter-inicio-3-600x400.jpg 600w, https:\/\/alliancels-netter.com\/wp-content\/uploads\/2025\/03\/netter-inicio-3-800x533.jpg 800w, https:\/\/alliancels-netter.com\/wp-content\/uploads\/2025\/03\/netter-inicio-3-1200x800.jpg 1200w, https:\/\/alliancels-netter.com\/wp-content\/uploads\/2025\/03\/netter-inicio-3.jpg 1500w\" data-sizes=\"auto\" data-orig-sizes=\"(max-width: 640px) 100vw, 600px\" \/><\/span><\/div><\/div><\/div><div class=\"fusion-layout-column fusion_builder_column fusion-builder-column-3 fusion_builder_column_1_2 1_2 fusion-flex-column\" style=\"--awb-bg-size:cover;--awb-width-large:50%;--awb-margin-top-large:0px;--awb-spacing-right-large:3.84%;--awb-margin-bottom-large:20px;--awb-spacing-left-large:3.84%;--awb-width-medium:50%;--awb-order-medium:0;--awb-spacing-right-medium:3.84%;--awb-spacing-left-medium:3.84%;--awb-width-small:100%;--awb-order-small:0;--awb-spacing-right-small:1.92%;--awb-spacing-left-small:1.92%;\"><div class=\"fusion-column-wrapper fusion-column-has-shadow fusion-flex-justify-content-flex-start fusion-content-layout-column\"><div class=\"fusion-text fusion-text-1\"><p><span style=\"font-weight: 400;\">Netter Catcen \u00e9s una empresa que va n\u00e9ixer el 2005 amb l\u2019objectiu de convertir-se en tot un <\/span><b>referent en l\u2019\u00e0mbit de la bugaderia industrial. <\/b><span style=\"font-weight: 400;\">\u00a0Des dels seus inicis, la qualitat, la innovaci\u00f3 permanent i la sostenibilitat han estat uns valors fonamentals per al desenvolupament de l\u2019empresa. Gr\u00e0cies a aix\u00f2 i a la seva associaci\u00f3 amb marques de reconegut prestigi mundial com <\/span><b>IPSO o UNIMAC<\/b><span style=\"font-weight: 400;\">, Netter s\u2019ha convertit en tot un referent pel que fa a solucions de bugaderia industrial de gran rendiment i immillorable qualitat.\u00a0<\/span><\/p>\n<p><span style=\"font-weight: 400;\">La maquin\u00e0ria d\u2019IPSO \u00e9s coneguda per la seva <\/span><b>efici\u00e8ncia i versatilitat, <\/b><span style=\"font-weight: 400;\">\u00a0mentre que UNIMAC t\u00e9 un gran prestigi en <\/span><b>entorns industrials i d\u2019\u00fas intensiu. <\/b><span style=\"font-weight: 400;\">\u00a0A aquestes qualitats, cal afegir-hi que el fundador i gerent de Netter \u00e9s delegat oficial d\u2019 <\/span><b>Alliance Laundry Systems<\/b><span style=\"font-weight: 400;\">, cosa que permet abocar tot el know-how d\u2019aquest gegant dels serveis de bugaderia a l\u2019empresa i als clients que hi confien.\u00a0<\/span><\/p>\n<p><span style=\"font-weight: 400;\">Tot i que la <\/span><b>principal xarxa de distribuci\u00f3<\/b><span style=\"font-weight: 400;\"> de Netter es troba a Catalunya, Arag\u00f3 i Andorra, tamb\u00e9 subministra equips de bugaderia industrial a tota la pen\u00ednsula ib\u00e8rica.<\/span><\/p>\n<\/div><\/div><\/div><\/div><\/div><div class=\"fusion-fullwidth fullwidth-box fusion-builder-row-4 fusion-flex-container has-pattern-background has-mask-background hundred-percent-fullwidth non-hundred-percent-height-scrolling\" style=\"--awb-border-radius-top-left:0px;--awb-border-radius-top-right:0px;--awb-border-radius-bottom-right:0px;--awb-border-radius-bottom-left:0px;--awb-padding-top:3%;--awb-padding-bottom:3%;--awb-flex-wrap:wrap;\" ><div class=\"fusion-builder-row fusion-row fusion-flex-align-items-center fusion-flex-content-wrap\" style=\"width:104% !important;max-width:104% !important;margin-left: calc(-4% \/ 2 );margin-right: calc(-4% \/ 2 );\"><div class=\"fusion-layout-column fusion_builder_column fusion-builder-column-4 fusion_builder_column_1_2 1_2 fusion-flex-column\" style=\"--awb-bg-size:cover;--awb-width-large:50%;--awb-margin-top-large:0px;--awb-spacing-right-large:3.84%;--awb-margin-bottom-large:20px;--awb-spacing-left-large:3.84%;--awb-width-medium:50%;--awb-order-medium:0;--awb-spacing-right-medium:3.84%;--awb-spacing-left-medium:3.84%;--awb-width-small:100%;--awb-order-small:0;--awb-spacing-right-small:1.92%;--awb-spacing-left-small:1.92%;\"><div class=\"fusion-column-wrapper fusion-column-has-shadow fusion-flex-justify-content-flex-start fusion-content-layout-column\"><div class=\"fusion-title title fusion-title-3 fusion-sep-none fusion-title-text fusion-title-size-three\" style=\"--awb-text-color:var(--awb-color4);\"><h3 class=\"fusion-title-heading title-heading-left\" style=\"margin:0;\">Per qu\u00e8 ha de confiar en Netter com a distribu\u00efdor d\u2019equips de bugaderia?<\/h3><\/div><div class=\"fusion-text fusion-text-2\"><p><span style=\"font-weight: 400;\">El comprom\u00eds de Netter amb els seus clients \u00e9s absolut. Per aquest motiu, mai els oferir\u00edem uns equips que no fossin capa\u00e7os d\u2019estar a l\u2019al\u00e7ada de les seves expectatives i necessitats. El nostre objectiu \u00e9s <\/span><b>estar sempre a l\u2019avantguarda per poder oferir solucions de bugaderia industrials de la millor qualitat.<\/b><\/p>\n<p><span style=\"font-weight: 400;\">Ser distribu\u00efdors dels equips que fabrica IPSO i UNIMAC ens permet reunir les seves millors qualitats. <\/span><b>IPSO<\/b><span style=\"font-weight: 400;\"> destaca pel gran <\/span><b>equilibri entre qualitat i cost operatiu,<\/b><span style=\"font-weight: 400;\"> per la fiabilitat de les seves m\u00e0quines i la seva <\/span><b>llarga vida \u00fatil,<\/b><span style=\"font-weight: 400;\"> i per la seva gran <\/span><b>versatilitat i adaptabilitat. <\/b><span style=\"font-weight: 400;\">\u00a0Tamb\u00e9 val la pena destacar la seva aposta per l\u2019efici\u00e8ncia energ\u00e8tica, garantint unes bugaderies el m\u00e9s sostenibles possible.\u00a0<\/span><\/p>\n<p><span style=\"font-weight: 400;\">Quant a <\/span><b>UNIMAC, <\/b><span style=\"font-weight: 400;\">\u00a0es caracteritza per oferir un rendiment industrial superior i una <\/span><b>fiabilitat extrema en condicions d\u2019all\u00f2 m\u00e9s exigents. <\/b><span style=\"font-weight: 400;\">\u00a0Tamb\u00e9 \u00e9s una marca que aposta per l\u2019<\/span><b>aplicaci\u00f3 de l\u2019automatitzaci\u00f3 avan\u00e7ada en els seus equips.\u00a0<\/b><\/p>\n<p><b>Confiar en Netter per equipar la seva bugaderia industrial \u00e9s un encert<\/b><span style=\"font-weight: 400;\"> perqu\u00e8 posem al seu abast els millors equips del mercat fabricats per marques de reconegut prestigi mundial. <\/span><\/p>\n<\/div><\/div><\/div><div class=\"fusion-layout-column fusion_builder_column fusion-builder-column-5 fusion_builder_column_1_2 1_2 fusion-flex-column\" style=\"--awb-bg-size:cover;--awb-width-large:50%;--awb-margin-top-large:0px;--awb-spacing-right-large:3.84%;--awb-margin-bottom-large:20px;--awb-spacing-left-large:3.84%;--awb-width-medium:50%;--awb-order-medium:0;--awb-spacing-right-medium:3.84%;--awb-spacing-left-medium:3.84%;--awb-width-small:100%;--awb-order-small:0;--awb-spacing-right-small:1.92%;--awb-spacing-left-small:1.92%;\"><div class=\"fusion-column-wrapper fusion-column-has-shadow fusion-flex-justify-content-flex-start fusion-content-layout-column\"><div class=\"fusion-image-element \" style=\"--awb-caption-title-font-family:var(--h2_typography-font-family);--awb-caption-title-font-weight:var(--h2_typography-font-weight);--awb-caption-title-font-style:var(--h2_typography-font-style);--awb-caption-title-size:var(--h2_typography-font-size);--awb-caption-title-transform:var(--h2_typography-text-transform);--awb-caption-title-line-height:var(--h2_typography-line-height);--awb-caption-title-letter-spacing:var(--h2_typography-letter-spacing);\"><span class=\" fusion-imageframe imageframe-none imageframe-2 hover-type-none\"><img decoding=\"async\" width=\"1500\" height=\"1000\" title=\"netter-inicio-4\" src=\"https:\/\/alliancels-netter.com\/wp-content\/uploads\/2025\/03\/netter-inicio-4.jpg\" data-orig-src=\"https:\/\/alliancels-netter.com\/wp-content\/uploads\/2025\/03\/netter-inicio-4.jpg\" alt class=\"lazyload img-responsive wp-image-344\" srcset=\"data:image\/svg+xml,%3Csvg%20xmlns%3D%27http%3A%2F%2Fwww.w3.org%2F2000%2Fsvg%27%20width%3D%271500%27%20height%3D%271000%27%20viewBox%3D%270%200%201500%201000%27%3E%3Crect%20width%3D%271500%27%20height%3D%271000%27%20fill-opacity%3D%220%22%2F%3E%3C%2Fsvg%3E\" data-srcset=\"https:\/\/alliancels-netter.com\/wp-content\/uploads\/2025\/03\/netter-inicio-4-200x133.jpg 200w, https:\/\/alliancels-netter.com\/wp-content\/uploads\/2025\/03\/netter-inicio-4-400x267.jpg 400w, https:\/\/alliancels-netter.com\/wp-content\/uploads\/2025\/03\/netter-inicio-4-600x400.jpg 600w, https:\/\/alliancels-netter.com\/wp-content\/uploads\/2025\/03\/netter-inicio-4-800x533.jpg 800w, https:\/\/alliancels-netter.com\/wp-content\/uploads\/2025\/03\/netter-inicio-4-1200x800.jpg 1200w, https:\/\/alliancels-netter.com\/wp-content\/uploads\/2025\/03\/netter-inicio-4.jpg 1500w\" data-sizes=\"auto\" data-orig-sizes=\"(max-width: 640px) 100vw, 600px\" \/><\/span><\/div><\/div><\/div><\/div><\/div><\/p>\n","protected":false},"excerpt":{"rendered":"","protected":false},"author":1,"featured_media":0,"parent":0,"menu_order":0,"comment_status":"closed","ping_status":"closed","template":"100-width.php","meta":{"footnotes":""},"class_list":["post-352","page","type-page","status-publish","hentry"],"_links":{"self":[{"href":"https:\/\/alliancels-netter.com\/ca\/wp-json\/wp\/v2\/pages\/352","targetHints":{"allow":["GET"]}}],"collection":[{"href":"https:\/\/alliancels-netter.com\/ca\/wp-json\/wp\/v2\/pages"}],"about":[{"href":"https:\/\/alliancels-netter.com\/ca\/wp-json\/wp\/v2\/types\/page"}],"author":[{"embeddable":true,"href":"https:\/\/alliancels-netter.com\/ca\/wp-json\/wp\/v2\/users\/1"}],"replies":[{"embeddable":true,"href":"https:\/\/alliancels-netter.com\/ca\/wp-json\/wp\/v2\/comments?post=352"}],"version-history":[{"count":1,"href":"https:\/\/alliancels-netter.com\/ca\/wp-json\/wp\/v2\/pages\/352\/revisions"}],"predecessor-version":[{"id":363,"href":"https:\/\/alliancels-netter.com\/ca\/wp-json\/wp\/v2\/pages\/352\/revisions\/363"}],"wp:attachment":[{"href":"https:\/\/alliancels-netter.com\/ca\/wp-json\/wp\/v2\/media?parent=352"}],"curies":[{"name":"wp","href":"https:\/\/api.w.org\/{rel}","templated":true}]}}